{"id":98,"date":"2025-10-26T12:06:40","date_gmt":"2025-10-26T11:06:40","guid":{"rendered":"https:\/\/linzlaufen.at\/?page_id=98"},"modified":"2025-10-31T09:10:44","modified_gmt":"2025-10-31T08:10:44","slug":"ich","status":"publish","type":"page","link":"https:\/\/linzlaufen.at\/?page_id=98","title":{"rendered":"Ich"},"content":{"rendered":"\t\t<div data-elementor-type=\"wp-page\" data-elementor-id=\"98\" class=\"elementor elementor-98\" data-elementor-post-type=\"page\">\n\t\t\t\t<div class=\"elementor-element elementor-element-a51eab4 e-flex e-con-boxed e-con e-parent\" data-id=\"a51eab4\" data-element_type=\"container\" data-e-type=\"container\">\n\t\t\t\t\t<div class=\"e-con-inner\">\n\t\t\t\t<div class=\"elementor-element elementor-element-fa483eb elementor-widget__width-inherit elementor-widget elementor-widget-image\" data-id=\"fa483eb\" data-element_type=\"widget\" data-e-type=\"widget\" data-widget_type=\"image.default\">\n\t\t\t\t<div class=\"elementor-widget-container\">\n\t\t\t\t\t\t\t\t\t\t\t\t\t\t\t<img fetchpriority=\"high\" decoding=\"async\" width=\"990\" height=\"214\" src=\"https:\/\/linzlaufen.at\/wp-content\/uploads\/2025\/10\/A-guides-2017-Linz-113.CR2_.p_z990_214t.jpg\" class=\"attachment-full size-full wp-image-220\" alt=\"\" srcset=\"https:\/\/linzlaufen.at\/wp-content\/uploads\/2025\/10\/A-guides-2017-Linz-113.CR2_.p_z990_214t.jpg 990w, https:\/\/linzlaufen.at\/wp-content\/uploads\/2025\/10\/A-guides-2017-Linz-113.CR2_.p_z990_214t-300x65.jpg 300w, https:\/\/linzlaufen.at\/wp-content\/uploads\/2025\/10\/A-guides-2017-Linz-113.CR2_.p_z990_214t-768x166.jpg 768w\" sizes=\"(max-width: 990px) 100vw, 990px\" \/>\t\t\t\t\t\t\t\t\t\t\t\t\t\t\t<\/div>\n\t\t\t\t<\/div>\n\t\t\t\t\t<\/div>\n\t\t\t\t<\/div>\n\t\t<div class=\"elementor-element elementor-element-eeb48b5 e-flex e-con-boxed e-con e-parent\" data-id=\"eeb48b5\" data-element_type=\"container\" data-e-type=\"container\">\n\t\t\t\t\t<div class=\"e-con-inner\">\n\t\t\t\t<div class=\"elementor-element elementor-element-01ab173 elementor-widget elementor-widget-text-editor\" data-id=\"01ab173\" data-element_type=\"widget\" data-e-type=\"widget\" data-widget_type=\"text-editor.default\">\n\t\t\t\t<div class=\"elementor-widget-container\">\n\t\t\t\t\t\t\t\t\t<p>Mein Name ist Andreas Kreyci, ich wohne seit 2016 st\u00e4ndig in Linz. Hier bin ich auch zur Schule gegangen und habe 30 Jahre im VOESTALPINE Anlagenbau (heute Primetals GmbH) gearbeitet.<\/p><p>Die Stadt habe ich immer nur als Besucher erlebt, ich hatte keine Kenntnisse \u00fcber Geschichte, Bedeutung und Entwicklung von Linz.<\/p><p>Erst seit ich dauernd hier wohne habe ich entdeckt, wie sehr sich Linz von einer Industriestadt zu einer Kultur- und Freizeitstadt entwickelt hat.<\/p><p>Deshalb habe ich mich auch entschieden, G\u00e4stebegleiter (vormals: Fremdenf\u00fchrer) zu werden und begeistere seit 2017 die Besucher f\u00fcr diese Stadt.<\/p><p>Nebenbei betreibe ich auch ein Technisches B\u00fcro f\u00fcr Elektrotechnik.<\/p><p>Meinen Urlaub verbringe ich vorwiegend in der n\u00e4heren und weiteren Umgebung (Wald- und M\u00fchlviertel, Alpenvorland, S\u00fcdsteiermark, etc).<\/p><p>Es gibt auch hier noch viel Exotisches und Spannendes zu entdecken.<\/p>\t\t\t\t\t\t\t\t<\/div>\n\t\t\t\t<\/div>\n\t\t\t\t\t<\/div>\n\t\t\t\t<\/div>\n\t\t<div class=\"elementor-element elementor-element-9a623c3 e-flex e-con-boxed e-con e-parent\" data-id=\"9a623c3\" data-element_type=\"container\" data-e-type=\"container\">\n\t\t\t\t\t<div class=\"e-con-inner\">\n\t\t\t\t<div class=\"elementor-element elementor-element-da15a78 elementor-widget elementor-widget-gallery\" data-id=\"da15a78\" data-element_type=\"widget\" data-e-type=\"widget\" data-settings=\"{&quot;gallery_layout&quot;:&quot;masonry&quot;,&quot;lazyload&quot;:&quot;yes&quot;,&quot;columns&quot;:4,&quot;columns_tablet&quot;:2,&quot;columns_mobile&quot;:1,&quot;gap&quot;:{&quot;unit&quot;:&quot;px&quot;,&quot;size&quot;:10,&quot;sizes&quot;:[]},&quot;gap_tablet&quot;:{&quot;unit&quot;:&quot;px&quot;,&quot;size&quot;:10,&quot;sizes&quot;:[]},&quot;gap_mobile&quot;:{&quot;unit&quot;:&quot;px&quot;,&quot;size&quot;:10,&quot;sizes&quot;:[]},&quot;link_to&quot;:&quot;file&quot;,&quot;overlay_background&quot;:&quot;yes&quot;,&quot;content_hover_animation&quot;:&quot;fade-in&quot;}\" data-widget_type=\"gallery.default\">\n\t\t\t\t<div class=\"elementor-widget-container\">\n\t\t\t\t\t\t\t<div class=\"elementor-gallery__container\">\n\t\t\t\t\t\t\t<a class=\"e-gallery-item elementor-gallery-item elementor-animated-content\" href=\"https:\/\/linzlaufen.at\/wp-content\/uploads\/2025\/10\/20221106_111302_030-rotated.jpg\" data-elementor-open-lightbox=\"yes\" data-elementor-lightbox-slideshow=\"da15a78\" data-elementor-lightbox-title=\"20221106_111302_030\" data-e-action-hash=\"#elementor-action%3Aaction%3Dlightbox%26settings%3DeyJpZCI6MjI1LCJ1cmwiOiJodHRwczpcL1wvbGluemxhdWZlbi5hdFwvd3AtY29udGVudFwvdXBsb2Fkc1wvMjAyNVwvMTBcLzIwMjIxMTA2XzExMTMwMl8wMzAtcm90YXRlZC5qcGciLCJzbGlkZXNob3ciOiJkYTE1YTc4In0%3D\">\n\t\t\t\t\t<div class=\"e-gallery-image elementor-gallery-item__image\" data-thumbnail=\"https:\/\/linzlaufen.at\/wp-content\/uploads\/2025\/10\/20221106_111302_030-169x300.jpg\" data-width=\"169\" data-height=\"300\" aria-label=\"\" role=\"img\" ><\/div>\n\t\t\t\t\t\t\t\t\t\t\t<div class=\"elementor-gallery-item__overlay\"><\/div>\n\t\t\t\t\t\t\t\t\t\t\t\t\t\t<\/a>\n\t\t\t\t\t\t\t<a class=\"e-gallery-item elementor-gallery-item elementor-animated-content\" href=\"https:\/\/linzlaufen.at\/wp-content\/uploads\/2025\/10\/Andreas_05_377x489.jpg\" data-elementor-open-lightbox=\"yes\" data-elementor-lightbox-slideshow=\"da15a78\" data-elementor-lightbox-title=\"Andreas_05_377x489\" data-e-action-hash=\"#elementor-action%3Aaction%3Dlightbox%26settings%3DeyJpZCI6MjI2LCJ1cmwiOiJodHRwczpcL1wvbGluemxhdWZlbi5hdFwvd3AtY29udGVudFwvdXBsb2Fkc1wvMjAyNVwvMTBcL0FuZHJlYXNfMDVfMzc3eDQ4OS5qcGciLCJzbGlkZXNob3ciOiJkYTE1YTc4In0%3D\">\n\t\t\t\t\t<div class=\"e-gallery-image elementor-gallery-item__image\" data-thumbnail=\"https:\/\/linzlaufen.at\/wp-content\/uploads\/2025\/10\/Andreas_05_377x489-231x300.jpg\" data-width=\"231\" data-height=\"300\" aria-label=\"\" role=\"img\" ><\/div>\n\t\t\t\t\t\t\t\t\t\t\t<div class=\"elementor-gallery-item__overlay\"><\/div>\n\t\t\t\t\t\t\t\t\t\t\t\t\t\t<\/a>\n\t\t\t\t\t\t\t<a class=\"e-gallery-item elementor-gallery-item elementor-animated-content\" href=\"https:\/\/linzlaufen.at\/wp-content\/uploads\/2025\/10\/Andreas_Karikatur.jpg\" data-elementor-open-lightbox=\"yes\" data-elementor-lightbox-slideshow=\"da15a78\" data-elementor-lightbox-title=\"Andreas_Karikatur\" data-e-action-hash=\"#elementor-action%3Aaction%3Dlightbox%26settings%3DeyJpZCI6MjI3LCJ1cmwiOiJodHRwczpcL1wvbGluemxhdWZlbi5hdFwvd3AtY29udGVudFwvdXBsb2Fkc1wvMjAyNVwvMTBcL0FuZHJlYXNfS2FyaWthdHVyLmpwZyIsInNsaWRlc2hvdyI6ImRhMTVhNzgifQ%3D%3D\">\n\t\t\t\t\t<div class=\"e-gallery-image elementor-gallery-item__image\" data-thumbnail=\"https:\/\/linzlaufen.at\/wp-content\/uploads\/2025\/10\/Andreas_Karikatur-135x300.jpg\" data-width=\"135\" data-height=\"300\" aria-label=\"\" role=\"img\" ><\/div>\n\t\t\t\t\t\t\t\t\t\t\t<div class=\"elementor-gallery-item__overlay\"><\/div>\n\t\t\t\t\t\t\t\t\t\t\t\t\t\t<\/a>\n\t\t\t\t\t\t\t<a class=\"e-gallery-item elementor-gallery-item elementor-animated-content\" href=\"https:\/\/linzlaufen.at\/wp-content\/uploads\/2025\/10\/AndreasK_MenschenvonLinz-1.jpg\" data-elementor-open-lightbox=\"yes\" data-elementor-lightbox-slideshow=\"da15a78\" data-elementor-lightbox-title=\"AndreasK_MenschenvonLinz\" data-e-action-hash=\"#elementor-action%3Aaction%3Dlightbox%26settings%3DeyJpZCI6MjI4LCJ1cmwiOiJodHRwczpcL1wvbGluemxhdWZlbi5hdFwvd3AtY29udGVudFwvdXBsb2Fkc1wvMjAyNVwvMTBcL0FuZHJlYXNLX01lbnNjaGVudm9uTGluei0xLmpwZyIsInNsaWRlc2hvdyI6ImRhMTVhNzgifQ%3D%3D\">\n\t\t\t\t\t<div class=\"e-gallery-image elementor-gallery-item__image\" data-thumbnail=\"https:\/\/linzlaufen.at\/wp-content\/uploads\/2025\/10\/AndreasK_MenschenvonLinz-1-300x200.jpg\" data-width=\"300\" data-height=\"200\" aria-label=\"\" role=\"img\" ><\/div>\n\t\t\t\t\t\t\t\t\t\t\t<div class=\"elementor-gallery-item__overlay\"><\/div>\n\t\t\t\t\t\t\t\t\t\t\t\t\t\t<\/a>\n\t\t\t\t\t\t\t<a class=\"e-gallery-item elementor-gallery-item elementor-animated-content\" href=\"https:\/\/linzlaufen.at\/wp-content\/uploads\/2025\/10\/AndreasK_MenschenvonLinz_c.jpg\" data-elementor-open-lightbox=\"yes\" data-elementor-lightbox-slideshow=\"da15a78\" data-elementor-lightbox-title=\"AndreasK_MenschenvonLinz_c\" data-e-action-hash=\"#elementor-action%3Aaction%3Dlightbox%26settings%3DeyJpZCI6MjI5LCJ1cmwiOiJodHRwczpcL1wvbGluemxhdWZlbi5hdFwvd3AtY29udGVudFwvdXBsb2Fkc1wvMjAyNVwvMTBcL0FuZHJlYXNLX01lbnNjaGVudm9uTGluel9jLmpwZyIsInNsaWRlc2hvdyI6ImRhMTVhNzgifQ%3D%3D\">\n\t\t\t\t\t<div class=\"e-gallery-image elementor-gallery-item__image\" data-thumbnail=\"https:\/\/linzlaufen.at\/wp-content\/uploads\/2025\/10\/AndreasK_MenschenvonLinz_c-300x105.jpg\" data-width=\"300\" data-height=\"105\" aria-label=\"\" role=\"img\" ><\/div>\n\t\t\t\t\t\t\t\t\t\t\t<div class=\"elementor-gallery-item__overlay\"><\/div>\n\t\t\t\t\t\t\t\t\t\t\t\t\t\t<\/a>\n\t\t\t\t\t\t\t<a class=\"e-gallery-item elementor-gallery-item elementor-animated-content\" href=\"https:\/\/linzlaufen.at\/wp-content\/uploads\/2025\/10\/Hamburg_WK_206_d.jpg\" data-elementor-open-lightbox=\"yes\" data-elementor-lightbox-slideshow=\"da15a78\" data-elementor-lightbox-title=\"KONICA MINOLTA DIGITAL CAMERA\" data-e-action-hash=\"#elementor-action%3Aaction%3Dlightbox%26settings%3DeyJpZCI6MjMwLCJ1cmwiOiJodHRwczpcL1wvbGluemxhdWZlbi5hdFwvd3AtY29udGVudFwvdXBsb2Fkc1wvMjAyNVwvMTBcL0hhbWJ1cmdfV0tfMjA2X2QuanBnIiwic2xpZGVzaG93IjoiZGExNWE3OCJ9\">\n\t\t\t\t\t<div class=\"e-gallery-image elementor-gallery-item__image\" data-thumbnail=\"https:\/\/linzlaufen.at\/wp-content\/uploads\/2025\/10\/Hamburg_WK_206_d-300x225.jpg\" data-width=\"300\" data-height=\"225\" aria-label=\"\" role=\"img\" ><\/div>\n\t\t\t\t\t\t\t\t\t\t\t<div class=\"elementor-gallery-item__overlay\"><\/div>\n\t\t\t\t\t\t\t\t\t\t\t\t\t\t<\/a>\n\t\t\t\t\t\t\t<a class=\"e-gallery-item elementor-gallery-item elementor-animated-content\" href=\"https:\/\/linzlaufen.at\/wp-content\/uploads\/2025\/10\/IMG-20170129-WA0002.jpg\" data-elementor-open-lightbox=\"yes\" data-elementor-lightbox-slideshow=\"da15a78\" data-elementor-lightbox-title=\"IMG-20170129-WA0002\" data-e-action-hash=\"#elementor-action%3Aaction%3Dlightbox%26settings%3DeyJpZCI6MjMxLCJ1cmwiOiJodHRwczpcL1wvbGluemxhdWZlbi5hdFwvd3AtY29udGVudFwvdXBsb2Fkc1wvMjAyNVwvMTBcL0lNRy0yMDE3MDEyOS1XQTAwMDIuanBnIiwic2xpZGVzaG93IjoiZGExNWE3OCJ9\">\n\t\t\t\t\t<div class=\"e-gallery-image elementor-gallery-item__image\" data-thumbnail=\"https:\/\/linzlaufen.at\/wp-content\/uploads\/2025\/10\/IMG-20170129-WA0002-300x225.jpg\" data-width=\"300\" data-height=\"225\" aria-label=\"\" role=\"img\" ><\/div>\n\t\t\t\t\t\t\t\t\t\t\t<div class=\"elementor-gallery-item__overlay\"><\/div>\n\t\t\t\t\t\t\t\t\t\t\t\t\t\t<\/a>\n\t\t\t\t\t\t\t<a class=\"e-gallery-item elementor-gallery-item elementor-animated-content\" href=\"https:\/\/linzlaufen.at\/wp-content\/uploads\/2025\/10\/TabFab_210426_14.png\" data-elementor-open-lightbox=\"yes\" data-elementor-lightbox-slideshow=\"da15a78\" data-elementor-lightbox-title=\"TabFab_210426_14\" data-e-action-hash=\"#elementor-action%3Aaction%3Dlightbox%26settings%3DeyJpZCI6MjMyLCJ1cmwiOiJodHRwczpcL1wvbGluemxhdWZlbi5hdFwvd3AtY29udGVudFwvdXBsb2Fkc1wvMjAyNVwvMTBcL1RhYkZhYl8yMTA0MjZfMTQucG5nIiwic2xpZGVzaG93IjoiZGExNWE3OCJ9\">\n\t\t\t\t\t<div class=\"e-gallery-image elementor-gallery-item__image\" data-thumbnail=\"https:\/\/linzlaufen.at\/wp-content\/uploads\/2025\/10\/TabFab_210426_14-300x139.png\" data-width=\"300\" data-height=\"139\" aria-label=\"\" role=\"img\" ><\/div>\n\t\t\t\t\t\t\t\t\t\t\t<div class=\"elementor-gallery-item__overlay\"><\/div>\n\t\t\t\t\t\t\t\t\t\t\t\t\t\t<\/a>\n\t\t\t\t\t\t\t<a class=\"e-gallery-item elementor-gallery-item elementor-animated-content\" href=\"https:\/\/linzlaufen.at\/wp-content\/uploads\/2025\/10\/20220718_144542_016_saved-scaled.jpg\" data-elementor-open-lightbox=\"yes\" data-elementor-lightbox-slideshow=\"da15a78\" data-elementor-lightbox-title=\"20220718_144542_016_saved\" data-e-action-hash=\"#elementor-action%3Aaction%3Dlightbox%26settings%3DeyJpZCI6MjMzLCJ1cmwiOiJodHRwczpcL1wvbGluemxhdWZlbi5hdFwvd3AtY29udGVudFwvdXBsb2Fkc1wvMjAyNVwvMTBcLzIwMjIwNzE4XzE0NDU0Ml8wMTZfc2F2ZWQtc2NhbGVkLmpwZyIsInNsaWRlc2hvdyI6ImRhMTVhNzgifQ%3D%3D\">\n\t\t\t\t\t<div class=\"e-gallery-image elementor-gallery-item__image\" data-thumbnail=\"https:\/\/linzlaufen.at\/wp-content\/uploads\/2025\/10\/20220718_144542_016_saved-300x169.jpg\" data-width=\"300\" data-height=\"169\" aria-label=\"\" role=\"img\" ><\/div>\n\t\t\t\t\t\t\t\t\t\t\t<div class=\"elementor-gallery-item__overlay\"><\/div>\n\t\t\t\t\t\t\t\t\t\t\t\t\t\t<\/a>\n\t\t\t\t\t<\/div>\n\t\t\t\t\t<\/div>\n\t\t\t\t<\/div>\n\t\t\t\t\t<\/div>\n\t\t\t\t<\/div>\n\t\t\t\t<\/div>\n\t\t","protected":false},"excerpt":{"rendered":"<p>Mein Name ist Andreas Kreyci, ich wohne seit 2016 st\u00e4ndig in Linz. Hier bin ich auch zur Schule gegangen und habe 30 Jahre im VOESTALPINE&hellip;<\/p>\n","protected":false},"author":1,"featured_media":0,"parent":0,"menu_order":0,"comment_status":"closed","ping_status":"closed","template":"","meta":{"footnotes":""},"class_list":["post-98","page","type-page","status-publish","hentry"],"_links":{"self":[{"href":"https:\/\/linzlaufen.at\/index.php?rest_route=\/wp\/v2\/pages\/98","targetHints":{"allow":["GET"]}}],"collection":[{"href":"https:\/\/linzlaufen.at\/index.php?rest_route=\/wp\/v2\/pages"}],"about":[{"href":"https:\/\/linzlaufen.at\/index.php?rest_route=\/wp\/v2\/types\/page"}],"author":[{"embeddable":true,"href":"https:\/\/linzlaufen.at\/index.php?rest_route=\/wp\/v2\/users\/1"}],"replies":[{"embeddable":true,"href":"https:\/\/linzlaufen.at\/index.php?rest_route=%2Fwp%2Fv2%2Fcomments&post=98"}],"version-history":[{"count":7,"href":"https:\/\/linzlaufen.at\/index.php?rest_route=\/wp\/v2\/pages\/98\/revisions"}],"predecessor-version":[{"id":236,"href":"https:\/\/linzlaufen.at\/index.php?rest_route=\/wp\/v2\/pages\/98\/revisions\/236"}],"wp:attachment":[{"href":"https:\/\/linzlaufen.at\/index.php?rest_route=%2Fwp%2Fv2%2Fmedia&parent=98"}],"curies":[{"name":"wp","href":"https:\/\/api.w.org\/{rel}","templated":true}]}}